{"id":289,"date":"2025-10-03T20:37:10","date_gmt":"2025-10-03T20:37:10","guid":{"rendered":"https:\/\/guetzo.com\/?page_id=289"},"modified":"2025-10-24T10:25:01","modified_gmt":"2025-10-24T10:25:01","slug":"menu-playa-abierta","status":"publish","type":"page","link":"https:\/\/guetzo.com\/en\/menu-playa-abierta\/","title":{"rendered":"Playa abierta"},"content":{"rendered":"<div data-elementor-type=\"wp-page\" data-elementor-id=\"289\" class=\"elementor elementor-289\">\n\t\t\t\t<div class=\"elementor-element elementor-element-a2f69f8 e-con-full e-flex e-con e-parent\" data-id=\"a2f69f8\" data-element_type=\"container\" data-e-type=\"container\" data-settings=\"{&quot;background_background&quot;:&quot;classic&quot;}\">\n\t\t\t\t<div class=\"elementor-element elementor-element-a6805b4 elementor-widget elementor-widget-text-editor\" data-id=\"a6805b4\" data-element_type=\"widget\" data-e-type=\"widget\" data-widget_type=\"text-editor.default\">\n\t\t\t\t\t\t\t\t\t<p><strong>Caf\u00e9 GUETZO<\/strong><em> Playa abierta<\/em> <br \/>Es un punto de encuentro para disfrutar de un delicioso caf\u00e9 Guetzo &#8211; caf\u00e9 Denominaci\u00f3n Pluma, de libros, m\u00fasica, arte, en la majestuosa playa abierta, ven a disfrutar la experiencia <br \/>Ven a Playa Abierta &#8211; Playa Medicina.<\/p>\t\t\t\t\t\t\t\t<\/div>\n\t\t\t\t<div class=\"elementor-element elementor-element-5c4f2e4 elementor-widget elementor-widget-image\" data-id=\"5c4f2e4\" data-element_type=\"widget\" data-e-type=\"widget\" data-widget_type=\"image.default\">\n\t\t\t\t\t\t\t\t\t\t\t\t\t\t\t<img fetchpriority=\"high\" decoding=\"async\" width=\"800\" height=\"599\" src=\"https:\/\/guetzo.com\/wp-content\/uploads\/2025\/10\/Guetzo-playa-abierta-1024x767.png\" class=\"attachment-large size-large wp-image-271\" alt=\"Playa abierta\" srcset=\"https:\/\/guetzo.com\/wp-content\/uploads\/2025\/10\/Guetzo-playa-abierta-1024x767.png 1024w, https:\/\/guetzo.com\/wp-content\/uploads\/2025\/10\/Guetzo-playa-abierta-300x225.png 300w, https:\/\/guetzo.com\/wp-content\/uploads\/2025\/10\/Guetzo-playa-abierta-768x575.png 768w, https:\/\/guetzo.com\/wp-content\/uploads\/2025\/10\/Guetzo-playa-abierta.png 1124w\" sizes=\"(max-width: 800px) 100vw, 800px\" \/>\t\t\t\t\t\t\t\t\t\t\t\t\t\t\t<\/div>\n\t\t\t\t<\/div>\n\t\t<div class=\"elementor-element elementor-element-ec352b3 e-con-full e-flex e-con e-parent\" data-id=\"ec352b3\" data-element_type=\"container\" data-e-type=\"container\" data-settings=\"{&quot;background_background&quot;:&quot;classic&quot;}\">\n\t\t\t\t<div class=\"elementor-element elementor-element-7861196 elementor-widget elementor-widget-heading\" data-id=\"7861196\" data-element_type=\"widget\" data-e-type=\"widget\" data-widget_type=\"heading.default\">\n\t\t\t\t\t<h2 class=\"elementor-heading-title elementor-size-default\">Men\u00fa<\/h2>\t\t\t\t<\/div>\n\t\t\t\t<div class=\"elementor-element elementor-element-aa54e38 gallery-spacing-custom elementor-widget elementor-widget-image-gallery\" data-id=\"aa54e38\" data-element_type=\"widget\" data-e-type=\"widget\" data-widget_type=\"image-gallery.default\">\n\t\t\t\t\t\t\t<div class=\"elementor-image-gallery\">\n\t\t\t<div id='gallery-1' class='gallery galleryid-289 gallery-columns-1 gallery-size-medium_large'><figure class='gallery-item'>\n\t\t\t<div class='gallery-icon portrait'>\n\t\t\t\t<a data-elementor-open-lightbox=\"yes\" data-elementor-lightbox-slideshow=\"aa54e38\" data-elementor-lightbox-title=\"menu 1\" data-e-action-hash=\"#elementor-action%3Aaction%3Dlightbox%26settings%3DeyJpZCI6ODg1LCJ1cmwiOiJodHRwczpcL1wvZ3VldHpvLmNvbVwvd3AtY29udGVudFwvdXBsb2Fkc1wvMjAyNVwvMTBcL21lbnUtMS5wbmciLCJzbGlkZXNob3ciOiJhYTU0ZTM4In0%3D\" href='https:\/\/guetzo.com\/wp-content\/uploads\/2025\/10\/menu-1.png'><img decoding=\"async\" width=\"768\" height=\"1465\" src=\"https:\/\/guetzo.com\/wp-content\/uploads\/2025\/10\/menu-1-768x1465.png\" class=\"attachment-medium_large size-medium_large\" alt=\"\" srcset=\"https:\/\/guetzo.com\/wp-content\/uploads\/2025\/10\/menu-1-768x1465.png 768w, https:\/\/guetzo.com\/wp-content\/uploads\/2025\/10\/menu-1-157x300.png 157w, https:\/\/guetzo.com\/wp-content\/uploads\/2025\/10\/menu-1-537x1024.png 537w, https:\/\/guetzo.com\/wp-content\/uploads\/2025\/10\/menu-1-805x1536.png 805w, https:\/\/guetzo.com\/wp-content\/uploads\/2025\/10\/menu-1-6x12.png 6w, https:\/\/guetzo.com\/wp-content\/uploads\/2025\/10\/menu-1.png 865w\" sizes=\"(max-width: 768px) 100vw, 768px\" \/><\/a>\n\t\t\t<\/div><\/figure><figure class='gallery-item'>\n\t\t\t<div class='gallery-icon portrait'>\n\t\t\t\t<a data-elementor-open-lightbox=\"yes\" data-elementor-lightbox-slideshow=\"aa54e38\" data-elementor-lightbox-title=\"menu 2\" data-e-action-hash=\"#elementor-action%3Aaction%3Dlightbox%26settings%3DeyJpZCI6ODg2LCJ1cmwiOiJodHRwczpcL1wvZ3VldHpvLmNvbVwvd3AtY29udGVudFwvdXBsb2Fkc1wvMjAyNVwvMTBcL21lbnUtMi5wbmciLCJzbGlkZXNob3ciOiJhYTU0ZTM4In0%3D\" href='https:\/\/guetzo.com\/wp-content\/uploads\/2025\/10\/menu-2.png'><img decoding=\"async\" width=\"768\" height=\"1466\" src=\"https:\/\/guetzo.com\/wp-content\/uploads\/2025\/10\/menu-2-768x1466.png\" class=\"attachment-medium_large size-medium_large\" alt=\"\" srcset=\"https:\/\/guetzo.com\/wp-content\/uploads\/2025\/10\/menu-2-768x1466.png 768w, https:\/\/guetzo.com\/wp-content\/uploads\/2025\/10\/menu-2-157x300.png 157w, https:\/\/guetzo.com\/wp-content\/uploads\/2025\/10\/menu-2-536x1024.png 536w, https:\/\/guetzo.com\/wp-content\/uploads\/2025\/10\/menu-2-805x1536.png 805w, https:\/\/guetzo.com\/wp-content\/uploads\/2025\/10\/menu-2-6x12.png 6w, https:\/\/guetzo.com\/wp-content\/uploads\/2025\/10\/menu-2.png 865w\" sizes=\"(max-width: 768px) 100vw, 768px\" \/><\/a>\n\t\t\t<\/div><\/figure>\n\t\t<\/div>\n\t\t<\/div>\n\t\t\t\t\t\t<\/div>\n\t\t\t\t<div class=\"elementor-element elementor-element-04ffd23 elementor-arrows-position-inside elementor-pagination-position-outside elementor-widget elementor-widget-image-carousel\" data-id=\"04ffd23\" data-element_type=\"widget\" data-e-type=\"widget\" data-settings=\"{&quot;navigation&quot;:&quot;both&quot;,&quot;autoplay&quot;:&quot;yes&quot;,&quot;pause_on_hover&quot;:&quot;yes&quot;,&quot;pause_on_interaction&quot;:&quot;yes&quot;,&quot;autoplay_speed&quot;:5000,&quot;infinite&quot;:&quot;yes&quot;,&quot;speed&quot;:500}\" data-widget_type=\"image-carousel.default\">\n\t\t\t\t\t\t\t<div class=\"elementor-image-carousel-wrapper swiper\" role=\"region\" aria-roledescription=\"carousel\" aria-label=\"Carrusel de im\u00e1genes\" dir=\"ltr\">\n\t\t\t<div class=\"elementor-image-carousel swiper-wrapper\" aria-live=\"off\">\n\t\t\t\t\t\t\t\t<div class=\"swiper-slide\" role=\"group\" aria-roledescription=\"slide\" aria-label=\"1 of 3\" data-no-translation-aria-label=\"\"><figure class=\"swiper-slide-inner\"><img decoding=\"async\" class=\"swiper-slide-image\" src=\"https:\/\/guetzo.com\/wp-content\/uploads\/2025\/10\/Guetzo-msj.png\" alt=\"libros\" \/><\/figure><\/div><div class=\"swiper-slide\" role=\"group\" aria-roledescription=\"slide\" aria-label=\"2 of 3\" data-no-translation-aria-label=\"\"><figure class=\"swiper-slide-inner\"><img decoding=\"async\" class=\"swiper-slide-image\" src=\"https:\/\/guetzo.com\/wp-content\/uploads\/2025\/10\/Guetzo-artista.png\" alt=\"Miso\" \/><\/figure><\/div><div class=\"swiper-slide\" role=\"group\" aria-roledescription=\"slide\" aria-label=\"3 of 3\" data-no-translation-aria-label=\"\"><figure class=\"swiper-slide-inner\"><img decoding=\"async\" class=\"swiper-slide-image\" src=\"https:\/\/guetzo.com\/wp-content\/uploads\/2025\/10\/ajedrez-768x1024.png\" alt=\"Guetzo\" \/><\/figure><\/div>\t\t\t<\/div>\n\t\t\t\t\t\t\t\t\t\t\t\t<div class=\"elementor-swiper-button elementor-swiper-button-prev\" role=\"button\" tabindex=\"0\">\n\t\t\t\t\t\t<svg aria-hidden=\"true\" class=\"e-font-icon-svg e-eicon-chevron-left\" viewbox=\"0 0 1000 1000\" xmlns=\"http:\/\/www.w3.org\/2000\/svg\"><path d=\"M646 125C629 125 613 133 604 142L308 442C296 454 292 471 292 487 292 504 296 521 308 533L604 854C617 867 629 875 646 875 663 875 679 871 692 858 704 846 713 829 713 812 713 796 708 779 692 767L438 487 692 225C700 217 708 204 708 187 708 171 704 154 692 142 675 129 663 125 646 125Z\"><\/path><\/svg>\t\t\t\t\t<\/div>\n\t\t\t\t\t<div class=\"elementor-swiper-button elementor-swiper-button-next\" role=\"button\" tabindex=\"0\">\n\t\t\t\t\t\t<svg aria-hidden=\"true\" class=\"e-font-icon-svg e-eicon-chevron-right\" viewbox=\"0 0 1000 1000\" xmlns=\"http:\/\/www.w3.org\/2000\/svg\"><path d=\"M696 533C708 521 713 504 713 487 713 471 708 454 696 446L400 146C388 133 375 125 354 125 338 125 325 129 313 142 300 154 292 171 292 187 292 204 296 221 308 233L563 492 304 771C292 783 288 800 288 817 288 833 296 850 308 863 321 871 338 875 354 875 371 875 388 867 400 854L696 533Z\"><\/path><\/svg>\t\t\t\t\t<\/div>\n\t\t\t\t\n\t\t\t\t\t\t\t\t\t<div class=\"swiper-pagination\"><\/div>\n\t\t\t\t\t\t\t\t\t<\/div>\n\t\t\t\t\t\t<\/div>\n\t\t\t\t<\/div>\n\t\t<div class=\"elementor-element elementor-element-d7ca33f e-con-full e-flex e-con e-parent\" data-id=\"d7ca33f\" data-element_type=\"container\" data-e-type=\"container\" data-settings=\"{&quot;background_background&quot;:&quot;classic&quot;}\">\n\t\t\t\t<div class=\"elementor-element elementor-element-f54d6f7 elementor-widget elementor-widget-heading\" data-id=\"f54d6f7\" data-element_type=\"widget\" data-e-type=\"widget\" data-widget_type=\"heading.default\">\n\t\t\t\t\t<h2 class=\"elementor-heading-title elementor-size-default\">Visita nuestra cafeter\u00eda con la mejor vista de Playa Abierta <\/h2>\t\t\t\t<\/div>\n\t\t\t\t<div class=\"elementor-element elementor-element-ad212b2 elementor-widget elementor-widget-google_maps\" data-id=\"ad212b2\" data-element_type=\"widget\" data-e-type=\"widget\" data-widget_type=\"google_maps.default\">\n\t\t\t\t\t\t\t<div class=\"elementor-custom-embed\">\n\t\t\t<iframe loading=\"lazy\"\n\t\t\t\t\tsrc=\"https:\/\/maps.google.com\/maps?q=5R99%2BJXW%20Salina%20Cruz%2C%20Oaxaca&#038;t=m&#038;z=17&#038;output=embed&#038;iwloc=near\"\n\t\t\t\t\ttitle=\"5R99+JXW Salina Cruz, Oaxaca\"\n\t\t\t\t\taria-label=\"5R99+JXW Salina Cruz, Oaxaca\"\n\t\t\t><\/iframe>\n\t\t<\/div>\n\t\t\t\t\t\t<\/div>\n\t\t\t\t<div class=\"elementor-element elementor-element-5663794 elementor-align-center elementor-widget elementor-widget-button\" data-id=\"5663794\" data-element_type=\"widget\" data-e-type=\"widget\" data-widget_type=\"button.default\">\n\t\t\t\t\t\t\t\t\t\t<a class=\"elementor-button elementor-button-link elementor-size-sm\" href=\"https:\/\/wa.me\/9712085853\">\n\t\t\t\t\t\t<span class=\"elementor-button-content-wrapper\">\n\t\t\t\t\t\t<span class=\"elementor-button-icon\">\n\t\t\t\t<svg aria-hidden=\"true\" class=\"e-font-icon-svg e-fab-whatsapp\" viewbox=\"0 0 448 512\" xmlns=\"http:\/\/www.w3.org\/2000\/svg\"><path d=\"M380.9 97.1C339 55.1 283.2 32 223.9 32c-122.4 0-222 99.6-222 222 0 39.1 10.2 77.3 29.6 111L0 480l117.7-30.9c32.4 17.7 68.9 27 106.1 27h.1c122.3 0 224.1-99.6 224.1-222 0-59.3-25.2-115-67.1-157zm-157 341.6c-33.2 0-65.7-8.9-94-25.7l-6.7-4-69.8 18.3L72 359.2l-4.4-7c-18.5-29.4-28.2-63.3-28.2-98.2 0-101.7 82.8-184.5 184.6-184.5 49.3 0 95.6 19.2 130.4 54.1 34.8 34.9 56.2 81.2 56.1 130.5 0 101.8-84.9 184.6-186.6 184.6zm101.2-138.2c-5.5-2.8-32.8-16.2-37.9-18-5.1-1.9-8.8-2.8-12.5 2.8-3.7 5.6-14.3 18-17.6 21.8-3.2 3.7-6.5 4.2-12 1.4-32.6-16.3-54-29.1-75.5-66-5.7-9.8 5.7-9.1 16.3-30.3 1.8-3.7.9-6.9-.5-9.7-1.4-2.8-12.5-30.1-17.1-41.2-4.5-10.8-9.1-9.3-12.5-9.5-3.2-.2-6.9-.2-10.6-.2-3.7 0-9.7 1.4-14.8 6.9-5.1 5.6-19.4 19-19.4 46.3 0 27.3 19.9 53.7 22.6 57.4 2.8 3.7 39.1 59.7 94.8 83.8 35.2 15.2 49 16.5 66.6 13.9 10.7-1.6 32.8-13.4 37.4-26.4 4.6-13 4.6-24.1 3.2-26.4-1.3-2.5-5-3.9-10.5-6.6z\"><\/path><\/svg>\t\t\t<\/span>\n\t\t\t\t\t\t\t\t\t<span class=\"elementor-button-text\">Chatea con Guetzo<\/span>\n\t\t\t\t\t<\/span>\n\t\t\t\t\t<\/a>\n\t\t\t\t\t\t\t\t<\/div>\n\t\t\t\t<div class=\"elementor-element elementor-element-41fc9e9 elementor-widget elementor-widget-image\" data-id=\"41fc9e9\" data-element_type=\"widget\" data-e-type=\"widget\" data-widget_type=\"image.default\">\n\t\t\t\t\t\t\t\t\t\t\t\t\t\t\t<img loading=\"lazy\" decoding=\"async\" width=\"768\" height=\"575\" src=\"https:\/\/guetzo.com\/wp-content\/uploads\/2025\/10\/Guetzo-julio-768x575.png\" class=\"attachment-medium_large size-medium_large wp-image-278\" alt=\"Julio\" srcset=\"https:\/\/guetzo.com\/wp-content\/uploads\/2025\/10\/Guetzo-julio-768x575.png 768w, https:\/\/guetzo.com\/wp-content\/uploads\/2025\/10\/Guetzo-julio-300x225.png 300w, https:\/\/guetzo.com\/wp-content\/uploads\/2025\/10\/Guetzo-julio.png 949w\" sizes=\"(max-width: 768px) 100vw, 768px\" \/>\t\t\t\t\t\t\t\t\t\t\t\t\t\t\t<\/div>\n\t\t\t\t<\/div>\n\t\t\t\t<\/div>","protected":false},"excerpt":{"rendered":"<p>Caf\u00e9 GUETZO Playa abierta Es un punto de encuentro para disfrutar de un delicioso caf\u00e9 Guetzo &#8211; caf\u00e9 Denominaci\u00f3n Pluma, de libros, m\u00fasica, arte, en la majestuosa playa abierta, ven a disfrutar la experiencia Ven a Playa Abierta &#8211; Playa Medicina. Men\u00fa Visita nuestra cafeter\u00eda con la mejor vista de Playa Abierta Chatea con Guetzo<\/p>","protected":false},"author":1,"featured_media":0,"parent":0,"menu_order":0,"comment_status":"closed","ping_status":"closed","template":"elementor_header_footer","meta":{"_eb_attr":"","pagelayer_contact_templates":[],"_pagelayer_content":"","footnotes":""},"class_list":["post-289","page","type-page","status-publish","hentry"],"_links":{"self":[{"href":"https:\/\/guetzo.com\/en\/wp-json\/wp\/v2\/pages\/289","targetHints":{"allow":["GET"]}}],"collection":[{"href":"https:\/\/guetzo.com\/en\/wp-json\/wp\/v2\/pages"}],"about":[{"href":"https:\/\/guetzo.com\/en\/wp-json\/wp\/v2\/types\/page"}],"author":[{"embeddable":true,"href":"https:\/\/guetzo.com\/en\/wp-json\/wp\/v2\/users\/1"}],"replies":[{"embeddable":true,"href":"https:\/\/guetzo.com\/en\/wp-json\/wp\/v2\/comments?post=289"}],"version-history":[{"count":92,"href":"https:\/\/guetzo.com\/en\/wp-json\/wp\/v2\/pages\/289\/revisions"}],"predecessor-version":[{"id":889,"href":"https:\/\/guetzo.com\/en\/wp-json\/wp\/v2\/pages\/289\/revisions\/889"}],"wp:attachment":[{"href":"https:\/\/guetzo.com\/en\/wp-json\/wp\/v2\/media?parent=289"}],"curies":[{"name":"wp","href":"https:\/\/api.w.org\/{rel}","templated":true}]}}