{"id":29,"date":"2025-09-29T20:55:23","date_gmt":"2025-09-29T20:55:23","guid":{"rendered":"https:\/\/guetzo.com\/?page_id=29"},"modified":"2026-03-05T22:19:26","modified_gmt":"2026-03-05T22:19:26","slug":"eventos","status":"publish","type":"page","link":"https:\/\/guetzo.com\/en\/eventos\/","title":{"rendered":"Eventos"},"content":{"rendered":"<div data-elementor-type=\"wp-page\" data-elementor-id=\"29\" class=\"elementor elementor-29\">\n\t\t\t\t<div class=\"elementor-element elementor-element-27fe2b7 e-con-full e-flex e-con e-parent\" data-id=\"27fe2b7\" data-element_type=\"container\" data-e-type=\"container\" data-settings=\"{&quot;background_background&quot;:&quot;classic&quot;}\">\n\t\t\t\t<div class=\"elementor-element elementor-element-b6e9c40 elementor-widget elementor-widget-image\" data-id=\"b6e9c40\" data-element_type=\"widget\" data-e-type=\"widget\" data-widget_type=\"image.default\">\n\t\t\t\t\t\t\t\t\t\t\t\t\t\t\t<img fetchpriority=\"high\" decoding=\"async\" width=\"579\" height=\"1024\" src=\"https:\/\/guetzo.com\/wp-content\/uploads\/2026\/03\/arte-mundial-579x1024.jpeg\" class=\"attachment-large size-large wp-image-925\" alt=\"Arte Mundial\" srcset=\"https:\/\/guetzo.com\/wp-content\/uploads\/2026\/03\/arte-mundial-579x1024.jpeg 579w, https:\/\/guetzo.com\/wp-content\/uploads\/2026\/03\/arte-mundial-170x300.jpeg 170w, https:\/\/guetzo.com\/wp-content\/uploads\/2026\/03\/arte-mundial-768x1358.jpeg 768w, https:\/\/guetzo.com\/wp-content\/uploads\/2026\/03\/arte-mundial-869x1536.jpeg 869w, https:\/\/guetzo.com\/wp-content\/uploads\/2026\/03\/arte-mundial-7x12.jpeg 7w, https:\/\/guetzo.com\/wp-content\/uploads\/2026\/03\/arte-mundial.jpeg 905w\" sizes=\"(max-width: 579px) 100vw, 579px\" \/>\t\t\t\t\t\t\t\t\t\t\t\t\t\t\t<\/div>\n\t\t\t\t<div class=\"elementor-element elementor-element-cee5762 elementor-widget elementor-widget-heading\" data-id=\"cee5762\" data-element_type=\"widget\" data-e-type=\"widget\" data-widget_type=\"heading.default\">\n\t\t\t\t\t<h2 class=\"elementor-heading-title elementor-size-default\">Calls for proposals <\/h2>\t\t\t\t<\/div>\n\t\t\t\t<div class=\"elementor-element elementor-element-e7d9d62 elementor-widget__width-initial elementor-widget elementor-widget-text-editor\" data-id=\"e7d9d62\" data-element_type=\"widget\" data-e-type=\"widget\" data-widget_type=\"text-editor.default\">\n\t\t\t\t\t\t\t\t\t<p><strong>WORLD ART COMPETITION 2026<\/strong><br \/>\u201cOaxacan Cosmovision of the Game\u201d<\/p><p><br \/>GUETZO Group, in the exercise of its organizational powers and with the purpose of promoting<br \/>Intercultural dialogue through the visual arts, within the framework of the sporting event<br \/>international event taking place in Mexico, the United States and Canada in 2026, issues<br \/>the present:<\/p><p><br \/><strong>CALL FOR APPLICATIONS<\/strong><\/p><p><br \/>Addressed to Oaxacan artists, according to the following:<br \/>givens<\/p><p><br \/>I. OBJECTIVE<br \/>The aim of the competition is to select original and unpublished pictorial works that<br \/>Develop the theme: \u201cOaxacan Cosmovision of Play\u201d<br \/>Understood as the artistic interpretation of play as a spiritual manifestation,<br \/>community, ancestral and contemporary, integrating symbolic elements of cultures<br \/>ancestral, as well as universal references for the encounter between nations, the dialogue<br \/>interculturality and fraternity among peoples.<\/p><p><br \/>PARTICIPANTS<br \/>Oaxacan artists over eighteen years of age at the time of registration may participate.<br \/>Participation will be strictly individual.<br \/>Each artist may register a maximum of two (2) works.<br \/>Members of the Judging Panel will not be allowed to participate.<\/p><p><br \/>CHARACTERISTICS OF THE WORKS<br \/>The works must be original, unpublished, and of your own authorship.<br \/>They should not have been awarded prizes, exhibited in similar competitions, or found<br \/>contractually committed to third parties.<br \/>T\u00e9cnica: pintura en \u00f3leo, acr\u00edlico o t\u00e9cnica mixta.<br \/>Support: rigid frame.<br \/>Mandatory dimensions: 60 x 80 centimeters.<br \/>The works must be delivered properly mounted and ready for exhibition.<br \/>Failure to comply with any of these requirements will result in disqualification.<\/p><p><br \/>REGISTRATION AND RECEPTION<br \/>Registration will be digital via email: mundial2026certamen de arte@gmail.com<br \/>Participants must submit the following in a single electronic file:<\/p><p>High-resolution photograph of the artwork.<br \/>Technical specifications (title, technique, measurements, year of manufacture).<br \/>Author's biographical sketch (maximum 300 words).<br \/>Copy of valid official identification.<br \/>Registration deadline:<br \/>June 11, 2026 at 11:59 p.m. (Central Mexico Time).<br \/>The works selected as finalists must be physically submitted on the dates, at the location and<br \/>technical conditions as determined by the Organizing Committee.<\/p><p><br \/>V. SELECTION PROCESS<br \/>The judging panel will be made up of specialists in visual arts, art criticism, and<br \/>Cultural management. The evaluation will consider the following criteria:<br \/>Conceptual originality<br \/>Technical domain<br \/>Coherence with the theme<br \/>Symbolic and discursive force<br \/>Comprehensive aesthetic quality<\/p><p><br \/>The Jury's decision will be final and unappealable.<br \/>Eleven (11) finalist works will be selected.<br \/>The awards ceremony will take place on June 21, 2026 in a public event.<\/p><p><br \/>AWARDS AND ACQUISITION<br \/>An economic incentive of $11,000.00 (Eleven thousand pesos 00\/100 M.N.) will be granted to each<br \/>one of the eleven (11) selected works.<br \/>The awarding of the incentive implies the acquisition of material ownership of the work by Grupo Guetzo, integrating it into the Guetzo Cultural Collection 2026.<br \/>The artist will at all times retain his moral rights in accordance with the law<br \/>aplicable.<\/p><p><br \/>COPYRIGHT AND AUTHORIZATION OF USE<br \/>Participants retain their moral rights under the Federal Law of<br \/>Derecho de Autor.<br \/>The selected artists grant non-exclusive authorization to Grupo Guetzo to:<br \/>Digital and physical reproduction for cultural, educational and dissemination purposes.<br \/>Public display.<br \/>Inclusion in printed or digital catalog.<br \/>Incorporation of the image of the work on the reverse of the Caf\u00e9 Guetzo bags.<br \/>Dissemination in print, electronic and audiovisual media.<br \/>Any commercial use other than those indicated here must be formalized through<br \/>written agreement between the parties.\u00a0<\/p><p>\u00a0<\/p><p>TRANSPORT AND LIABILITY<br \/>The shipping of the selected works will be at the artist's expense, unless otherwise expressly agreed.<br \/>On the contrary.<br \/>The Organizing Committee is not responsible for damages resulting from inadequate packaging.<br \/>Participants guarantee under oath that the works do not infringe<br \/>third-party rights, exempting the Committee from any legal claim.<\/p><p><br \/>ACCEPTANCE<br \/>Registration and participation in the Contest implies full and unconditional acceptance of<br \/>these terms and conditions.<\/p><p><br \/>X. UNFORESEEN CASES<br \/>Cases not covered by this call for applications will be resolved by the Committee<br \/>Organizer, whose decision will be final and unappealable.<br \/>GUETZO GROUP<\/p><p>HELPLINE 971-164-28-55<br \/>mundial2026certamendearte@gmail.com<\/p>\t\t\t\t\t\t\t\t<\/div>\n\t\t\t\t<div class=\"elementor-element elementor-element-43e7cd9 elementor-align-justify elementor-widget elementor-widget-button\" data-id=\"43e7cd9\" data-element_type=\"widget\" data-e-type=\"widget\" data-widget_type=\"button.default\">\n\t\t\t\t\t\t\t\t\t\t<a class=\"elementor-button elementor-button-link elementor-size-sm\" href=\"https:\/\/wa.me\/9711642855\">\n\t\t\t\t\t\t<span class=\"elementor-button-content-wrapper\">\n\t\t\t\t\t\t<span class=\"elementor-button-icon\">\n\t\t\t\t<svg aria-hidden=\"true\" class=\"e-font-icon-svg e-fab-whatsapp\" viewbox=\"0 0 448 512\" xmlns=\"http:\/\/www.w3.org\/2000\/svg\"><path d=\"M380.9 97.1C339 55.1 283.2 32 223.9 32c-122.4 0-222 99.6-222 222 0 39.1 10.2 77.3 29.6 111L0 480l117.7-30.9c32.4 17.7 68.9 27 106.1 27h.1c122.3 0 224.1-99.6 224.1-222 0-59.3-25.2-115-67.1-157zm-157 341.6c-33.2 0-65.7-8.9-94-25.7l-6.7-4-69.8 18.3L72 359.2l-4.4-7c-18.5-29.4-28.2-63.3-28.2-98.2 0-101.7 82.8-184.5 184.6-184.5 49.3 0 95.6 19.2 130.4 54.1 34.8 34.9 56.2 81.2 56.1 130.5 0 101.8-84.9 184.6-186.6 184.6zm101.2-138.2c-5.5-2.8-32.8-16.2-37.9-18-5.1-1.9-8.8-2.8-12.5 2.8-3.7 5.6-14.3 18-17.6 21.8-3.2 3.7-6.5 4.2-12 1.4-32.6-16.3-54-29.1-75.5-66-5.7-9.8 5.7-9.1 16.3-30.3 1.8-3.7.9-6.9-.5-9.7-1.4-2.8-12.5-30.1-17.1-41.2-4.5-10.8-9.1-9.3-12.5-9.5-3.2-.2-6.9-.2-10.6-.2-3.7 0-9.7 1.4-14.8 6.9-5.1 5.6-19.4 19-19.4 46.3 0 27.3 19.9 53.7 22.6 57.4 2.8 3.7 39.1 59.7 94.8 83.8 35.2 15.2 49 16.5 66.6 13.9 10.7-1.6 32.8-13.4 37.4-26.4 4.6-13 4.6-24.1 3.2-26.4-1.3-2.5-5-3.9-10.5-6.6z\"><\/path><\/svg>\t\t\t<\/span>\n\t\t\t\t\t\t\t\t\t<span class=\"elementor-button-text\">Register here<\/span>\n\t\t\t\t\t<\/span>\n\t\t\t\t\t<\/a>\n\t\t\t\t\t\t\t\t<\/div>\n\t\t\t\t<div class=\"elementor-element elementor-element-830da45 elementor-widget elementor-widget-heading\" data-id=\"830da45\" data-element_type=\"widget\" data-e-type=\"widget\" data-widget_type=\"heading.default\">\n\t\t\t\t\t<h2 class=\"elementor-heading-title elementor-size-default\">Basic workshop on artisanal bookbinding<\/h2>\t\t\t\t<\/div>\n\t\t\t\t<div class=\"elementor-element elementor-element-8f5f660 elementor-widget__width-initial elementor-widget elementor-widget-text-editor\" data-id=\"8f5f660\" data-element_type=\"widget\" data-e-type=\"widget\" data-widget_type=\"text-editor.default\">\n\t\t\t\t\t\t\t\t\t<p><strong>Taught by:<\/strong> Juan Carlos V\u00e1squez Aquino<\/p><p><strong>Place:<\/strong> Omega Art Gallery<\/p><p><strong>Date:<\/strong> Friday, October 10, 2025<\/p><p><strong>Schedule:<\/strong> 10 am.<\/p><p><strong>Cost:<\/strong> $300 <em>Includes materials.<\/em><\/p>\t\t\t\t\t\t\t\t<\/div>\n\t\t\t\t<div class=\"elementor-element elementor-element-d0db6d8 elementor-widget elementor-widget-text-editor\" data-id=\"d0db6d8\" data-element_type=\"widget\" data-e-type=\"widget\" data-widget_type=\"text-editor.default\">\n\t\t\t\t\t\t\t\t\t<p>Limited to 12 people\u00a0<\/p>\t\t\t\t\t\t\t\t<\/div>\n\t\t\t\t<div class=\"elementor-element elementor-element-a67a820 elementor-align-justify elementor-widget elementor-widget-button\" data-id=\"a67a820\" data-element_type=\"widget\" data-e-type=\"widget\" data-widget_type=\"button.default\">\n\t\t\t\t\t\t\t\t\t\t<a class=\"elementor-button elementor-button-link elementor-size-sm\" href=\"https:\/\/wa.me\/9711642855\">\n\t\t\t\t\t\t<span class=\"elementor-button-content-wrapper\">\n\t\t\t\t\t\t<span class=\"elementor-button-icon\">\n\t\t\t\t<svg aria-hidden=\"true\" class=\"e-font-icon-svg e-fab-whatsapp\" viewbox=\"0 0 448 512\" xmlns=\"http:\/\/www.w3.org\/2000\/svg\"><path d=\"M380.9 97.1C339 55.1 283.2 32 223.9 32c-122.4 0-222 99.6-222 222 0 39.1 10.2 77.3 29.6 111L0 480l117.7-30.9c32.4 17.7 68.9 27 106.1 27h.1c122.3 0 224.1-99.6 224.1-222 0-59.3-25.2-115-67.1-157zm-157 341.6c-33.2 0-65.7-8.9-94-25.7l-6.7-4-69.8 18.3L72 359.2l-4.4-7c-18.5-29.4-28.2-63.3-28.2-98.2 0-101.7 82.8-184.5 184.6-184.5 49.3 0 95.6 19.2 130.4 54.1 34.8 34.9 56.2 81.2 56.1 130.5 0 101.8-84.9 184.6-186.6 184.6zm101.2-138.2c-5.5-2.8-32.8-16.2-37.9-18-5.1-1.9-8.8-2.8-12.5 2.8-3.7 5.6-14.3 18-17.6 21.8-3.2 3.7-6.5 4.2-12 1.4-32.6-16.3-54-29.1-75.5-66-5.7-9.8 5.7-9.1 16.3-30.3 1.8-3.7.9-6.9-.5-9.7-1.4-2.8-12.5-30.1-17.1-41.2-4.5-10.8-9.1-9.3-12.5-9.5-3.2-.2-6.9-.2-10.6-.2-3.7 0-9.7 1.4-14.8 6.9-5.1 5.6-19.4 19-19.4 46.3 0 27.3 19.9 53.7 22.6 57.4 2.8 3.7 39.1 59.7 94.8 83.8 35.2 15.2 49 16.5 66.6 13.9 10.7-1.6 32.8-13.4 37.4-26.4 4.6-13 4.6-24.1 3.2-26.4-1.3-2.5-5-3.9-10.5-6.6z\"><\/path><\/svg>\t\t\t<\/span>\n\t\t\t\t\t\t\t\t\t<span class=\"elementor-button-text\">Register here<\/span>\n\t\t\t\t\t<\/span>\n\t\t\t\t\t<\/a>\n\t\t\t\t\t\t\t\t<\/div>\n\t\t\t\t<\/div>\n\t\t\t\t<\/div>","protected":false},"excerpt":{"rendered":"<p>Convocatorias CERTAMEN DE ARTE MUNDIAL 2026\u201cCosmovisi\u00f3n Oaxaque\u00f1a del Juego\u201d Grupo GUETZO, en ejercicio de sus facultades organizativas y con el prop\u00f3sito de fomentarel di\u00e1logo intercultural mediante las artes visuales, en el marco del encuentro deportivointernacional que tendr\u00e1 lugar en M\u00e9xico, Estados Unidos y Canad\u00e1 en el a\u00f1o 2026, emitela presente: CONVOCATORIA Dirigida a los artistas [&hellip;]<\/p>\n","protected":false},"author":1,"featured_media":0,"parent":0,"menu_order":0,"comment_status":"closed","ping_status":"closed","template":"elementor_header_footer","meta":{"_eb_attr":"","pagelayer_contact_templates":[],"_pagelayer_content":"","footnotes":""},"class_list":["post-29","page","type-page","status-publish","hentry"],"_links":{"self":[{"href":"https:\/\/guetzo.com\/en\/wp-json\/wp\/v2\/pages\/29","targetHints":{"allow":["GET"]}}],"collection":[{"href":"https:\/\/guetzo.com\/en\/wp-json\/wp\/v2\/pages"}],"about":[{"href":"https:\/\/guetzo.com\/en\/wp-json\/wp\/v2\/types\/page"}],"author":[{"embeddable":true,"href":"https:\/\/guetzo.com\/en\/wp-json\/wp\/v2\/users\/1"}],"replies":[{"embeddable":true,"href":"https:\/\/guetzo.com\/en\/wp-json\/wp\/v2\/comments?post=29"}],"version-history":[{"count":40,"href":"https:\/\/guetzo.com\/en\/wp-json\/wp\/v2\/pages\/29\/revisions"}],"predecessor-version":[{"id":949,"href":"https:\/\/guetzo.com\/en\/wp-json\/wp\/v2\/pages\/29\/revisions\/949"}],"wp:attachment":[{"href":"https:\/\/guetzo.com\/en\/wp-json\/wp\/v2\/media?parent=29"}],"curies":[{"name":"wp","href":"https:\/\/api.w.org\/{rel}","templated":true}]}}