{"id":492,"date":"2025-10-14T05:01:23","date_gmt":"2025-10-14T05:01:23","guid":{"rendered":"https:\/\/guetzo.com\/?page_id=492"},"modified":"2025-10-24T00:17:50","modified_gmt":"2025-10-24T00:17:50","slug":"vlog","status":"publish","type":"page","link":"https:\/\/guetzo.com\/en\/vlog\/","title":{"rendered":"Blog"},"content":{"rendered":"<div data-elementor-type=\"wp-page\" data-elementor-id=\"492\" class=\"elementor elementor-492\">\n\t\t\t\t<div class=\"elementor-element elementor-element-2103ea3 e-con-full e-flex e-con e-parent\" data-id=\"2103ea3\" data-element_type=\"container\" data-e-type=\"container\" data-settings=\"{&quot;background_background&quot;:&quot;classic&quot;}\">\n\t\t\t\t<div class=\"elementor-element elementor-element-0ac9381 elementor-grid-eael-col-4 elementor-grid-tablet-eael-col-2 elementor-grid-mobile-eael-col-1 elementor-widget elementor-widget-eael-post-grid\" data-id=\"0ac9381\" data-element_type=\"widget\" data-e-type=\"widget\" data-settings=\"{&quot;eael_post_grid_columns&quot;:&quot;eael-col-4&quot;,&quot;eael_post_grid_columns_tablet&quot;:&quot;eael-col-2&quot;,&quot;eael_post_grid_columns_mobile&quot;:&quot;eael-col-1&quot;}\" data-widget_type=\"eael-post-grid.default\">\n\t\t\t\t\t<div id=\"eael-post-grid-0ac9381\" class=\"eael-post-grid-container\">\n            <div class=\"eael-post-grid eael-post-appender eael-post-appender-0ac9381 eael-post-grid-style-one\" data-layout-mode=\"masonry\"><article class=\"eael-grid-post  eael-post-grid-column eael-pg-post-685 category-artistas-cafe-guetzo-el-arte-de-pintar\" data-id=\"685\">\n        <div class=\"eael-grid-post-holder\">\n            <div class=\"eael-grid-post-holder-inner\"><div class=\"eael-entry-media\"><div class=\"eael-entry-overlay fade-in\"><i class=\"fas fa-long-arrow-alt-right\" aria-hidden=\"true\"><\/i><a href=\"https:\/\/guetzo.com\/en\/cafe-guetzo\/alebrijes-que-son\/\"><\/a><\/div><div class=\"eael-entry-thumbnail eael-image-ratio\">\n                <img fetchpriority=\"high\" decoding=\"async\" width=\"300\" height=\"300\" src=\"https:\/\/guetzo.com\/wp-content\/uploads\/2025\/10\/Guetzo-alebrije-2-300x300.png\" class=\"attachment-medium size-medium wp-image-698\" alt=\"\" srcset=\"https:\/\/guetzo.com\/wp-content\/uploads\/2025\/10\/Guetzo-alebrije-2-300x300.png 300w, https:\/\/guetzo.com\/wp-content\/uploads\/2025\/10\/Guetzo-alebrije-2-1024x1024.png 1024w, https:\/\/guetzo.com\/wp-content\/uploads\/2025\/10\/Guetzo-alebrije-2-150x150.png 150w, https:\/\/guetzo.com\/wp-content\/uploads\/2025\/10\/Guetzo-alebrije-2-768x769.png 768w, https:\/\/guetzo.com\/wp-content\/uploads\/2025\/10\/Guetzo-alebrije-2.png 1053w\" sizes=\"(max-width: 300px) 100vw, 300px\" \/>\n            <\/div>\n        <\/div><div class=\"eael-entry-wrapper\"><header class=\"eael-entry-header\"><h2 class=\"eael-entry-title\"><a class=\"eael-grid-post-link\" href=\"https:\/\/guetzo.com\/en\/cafe-guetzo\/alebrijes-que-son\/\" title=\"Alebrijes \u00bfQu\u00e9 son?\">Alebrijes \u00bfQu\u00e9 son?<\/a><\/h2><\/header><div class=\"eael-entry-content\">\n                        <div class=\"eael-grid-post-excerpt\"><p>En esta entrada te comentamos sobre la cultura sobre los...<\/p><a href=\"https:\/\/guetzo.com\/en\/cafe-guetzo\/alebrijes-que-son\/\" class=\"eael-post-elements-readmore-btn\">Leer m\u00e1s<\/a><\/div>\n                    <\/div><\/div><\/div>\n        <\/div>\n    <\/article><article class=\"eael-grid-post  eael-post-grid-column eael-pg-post-423 category-cafe-guetzo-cafe-salud tags-salud\" data-id=\"423\">\n        <div class=\"eael-grid-post-holder\">\n            <div class=\"eael-grid-post-holder-inner\"><div class=\"eael-entry-media\"><div class=\"eael-entry-overlay fade-in\"><i class=\"fas fa-long-arrow-alt-right\" aria-hidden=\"true\"><\/i><a href=\"https:\/\/guetzo.com\/en\/cafe-guetzo\/beneficios-a-la-salud-de-consumir-cafe-organico\/\"><\/a><\/div><div class=\"eael-entry-thumbnail eael-image-ratio\">\n                <img decoding=\"async\" width=\"300\" height=\"300\" src=\"https:\/\/guetzo.com\/wp-content\/uploads\/2025\/10\/Guetzo-taza-de-cafe-300x300.png\" class=\"attachment-medium size-medium wp-image-434\" alt=\"Caf\u00e9 Guetzo\" srcset=\"https:\/\/guetzo.com\/wp-content\/uploads\/2025\/10\/Guetzo-taza-de-cafe-300x300.png 300w, https:\/\/guetzo.com\/wp-content\/uploads\/2025\/10\/Guetzo-taza-de-cafe-150x150.png 150w, https:\/\/guetzo.com\/wp-content\/uploads\/2025\/10\/Guetzo-taza-de-cafe.png 618w\" sizes=\"(max-width: 300px) 100vw, 300px\" \/>\n            <\/div>\n        <\/div><div class=\"eael-entry-wrapper\"><header class=\"eael-entry-header\"><h2 class=\"eael-entry-title\"><a class=\"eael-grid-post-link\" href=\"https:\/\/guetzo.com\/en\/cafe-guetzo\/beneficios-a-la-salud-de-consumir-cafe-organico\/\" title=\"Beneficios a la salud de consumir caf\u00e9 org\u00e1nico\">Beneficios a la salud de consumir caf\u00e9 org\u00e1nico<\/a><\/h2><\/header><div class=\"eael-entry-content\">\n                        <div class=\"eael-grid-post-excerpt\"><p>Conoce los principales beneficios a la salud de consumir caf\u00e9...<\/p><a href=\"https:\/\/guetzo.com\/en\/cafe-guetzo\/beneficios-a-la-salud-de-consumir-cafe-organico\/\" class=\"eael-post-elements-readmore-btn\">Leer m\u00e1s<\/a><\/div>\n                    <\/div><\/div><\/div>\n        <\/div>\n    <\/article><article class=\"eael-grid-post  eael-post-grid-column eael-pg-post-389 category-cafe-guetzo-origen tags-cafe\" data-id=\"389\">\n        <div class=\"eael-grid-post-holder\">\n            <div class=\"eael-grid-post-holder-inner\"><div class=\"eael-entry-media\"><div class=\"eael-entry-overlay fade-in\"><i class=\"fas fa-long-arrow-alt-right\" aria-hidden=\"true\"><\/i><a href=\"https:\/\/guetzo.com\/en\/cafe-guetzo\/pluma-de-hidalgo-oaxaca\/\"><\/a><\/div><div class=\"eael-entry-thumbnail eael-image-ratio\">\n                <img decoding=\"async\" width=\"300\" height=\"225\" src=\"https:\/\/guetzo.com\/wp-content\/uploads\/2025\/10\/Cerro-de-pluma-Hidalgo-300x225.jpg\" class=\"attachment-medium size-medium wp-image-403\" alt=\"Cerro de Pluma Hidalgo\" srcset=\"https:\/\/guetzo.com\/wp-content\/uploads\/2025\/10\/Cerro-de-pluma-Hidalgo-300x225.jpg 300w, https:\/\/guetzo.com\/wp-content\/uploads\/2025\/10\/Cerro-de-pluma-Hidalgo-768x576.jpg 768w, https:\/\/guetzo.com\/wp-content\/uploads\/2025\/10\/Cerro-de-pluma-Hidalgo.jpg 960w\" sizes=\"(max-width: 300px) 100vw, 300px\" \/>\n            <\/div>\n        <\/div><div class=\"eael-entry-wrapper\"><header class=\"eael-entry-header\"><h2 class=\"eael-entry-title\"><a class=\"eael-grid-post-link\" href=\"https:\/\/guetzo.com\/en\/cafe-guetzo\/pluma-de-hidalgo-oaxaca\/\" title=\"Pluma de Hidalgo Oaxaca\">Pluma de Hidalgo Oaxaca<\/a><\/h2><\/header><div class=\"eael-entry-content\">\n                        <div class=\"eael-grid-post-excerpt\"><p>Conoce El cerro Pluma de Hidalgo Oaxaca, lugar de origen...<\/p><a href=\"https:\/\/guetzo.com\/en\/cafe-guetzo\/pluma-de-hidalgo-oaxaca\/\" class=\"eael-post-elements-readmore-btn\">Leer m\u00e1s<\/a><\/div>\n                    <\/div><\/div><\/div>\n        <\/div>\n    <\/article><article class=\"eael-grid-post  eael-post-grid-column eael-pg-post-1 category-cafe-guetzo-origen tags-cafe\" data-id=\"1\">\n        <div class=\"eael-grid-post-holder\">\n            <div class=\"eael-grid-post-holder-inner\"><div class=\"eael-entry-media\"><div class=\"eael-entry-overlay fade-in\"><i class=\"fas fa-long-arrow-alt-right\" aria-hidden=\"true\"><\/i><a href=\"https:\/\/guetzo.com\/en\/cafe-guetzo\/hello-world\/\"><\/a><\/div><div class=\"eael-entry-thumbnail eael-image-ratio\">\n                <img loading=\"lazy\" decoding=\"async\" width=\"300\" height=\"294\" src=\"https:\/\/guetzo.com\/wp-content\/uploads\/2025\/10\/Guetzo-presentaciones-2-300x294.png\" class=\"attachment-medium size-medium wp-image-261\" alt=\"Paquetes\" srcset=\"https:\/\/guetzo.com\/wp-content\/uploads\/2025\/10\/Guetzo-presentaciones-2-300x294.png 300w, https:\/\/guetzo.com\/wp-content\/uploads\/2025\/10\/Guetzo-presentaciones-2.png 549w\" sizes=\"(max-width: 300px) 100vw, 300px\" \/>\n            <\/div>\n        <\/div><div class=\"eael-entry-wrapper\"><header class=\"eael-entry-header\"><h2 class=\"eael-entry-title\"><a class=\"eael-grid-post-link\" href=\"https:\/\/guetzo.com\/en\/cafe-guetzo\/hello-world\/\" title=\"Guetzo\">Guetzo<\/a><\/h2><\/header><div class=\"eael-entry-content\">\n                        <div class=\"eael-grid-post-excerpt\"><p>sobre nosotros<\/p><a href=\"https:\/\/guetzo.com\/en\/cafe-guetzo\/hello-world\/\" class=\"eael-post-elements-readmore-btn\">Leer m\u00e1s<\/a><\/div>\n                    <\/div><\/div><\/div>\n        <\/div>\n    <\/article><\/div>\n            <div class=\"clearfix\"><\/div>\n        <\/div>\t\t\t\t<\/div>\n\t\t\t\t<\/div>\n\t\t\t\t<\/div>","protected":false},"excerpt":{"rendered":"<p>Beneficios a la salud de consumir caf\u00e9 org\u00e1nico Conoce los principales beneficios a la salud de consumir caf\u00e9&#8230; Leer m\u00e1s Pluma de Hidalgo Oaxaca Conoce El cerro Pluma de Hidalgo Oaxaca, lugar de origen&#8230; Leer m\u00e1s Guetzo sobre nosotros Leer m\u00e1s<\/p>","protected":false},"author":1,"featured_media":0,"parent":0,"menu_order":0,"comment_status":"closed","ping_status":"closed","template":"elementor_header_footer","meta":{"_eb_attr":"","pagelayer_contact_templates":[],"_pagelayer_content":"","footnotes":""},"class_list":["post-492","page","type-page","status-publish","hentry"],"_links":{"self":[{"href":"https:\/\/guetzo.com\/en\/wp-json\/wp\/v2\/pages\/492","targetHints":{"allow":["GET"]}}],"collection":[{"href":"https:\/\/guetzo.com\/en\/wp-json\/wp\/v2\/pages"}],"about":[{"href":"https:\/\/guetzo.com\/en\/wp-json\/wp\/v2\/types\/page"}],"author":[{"embeddable":true,"href":"https:\/\/guetzo.com\/en\/wp-json\/wp\/v2\/users\/1"}],"replies":[{"embeddable":true,"href":"https:\/\/guetzo.com\/en\/wp-json\/wp\/v2\/comments?post=492"}],"version-history":[{"count":26,"href":"https:\/\/guetzo.com\/en\/wp-json\/wp\/v2\/pages\/492\/revisions"}],"predecessor-version":[{"id":568,"href":"https:\/\/guetzo.com\/en\/wp-json\/wp\/v2\/pages\/492\/revisions\/568"}],"wp:attachment":[{"href":"https:\/\/guetzo.com\/en\/wp-json\/wp\/v2\/media?parent=492"}],"curies":[{"name":"wp","href":"https:\/\/api.w.org\/{rel}","templated":true}]}}