{"id":6,"date":"2025-09-25T19:16:01","date_gmt":"2025-09-25T19:16:01","guid":{"rendered":"https:\/\/guetzo.com\/?page_id=6"},"modified":"2025-11-24T18:14:57","modified_gmt":"2025-11-24T18:14:57","slug":"inicio","status":"publish","type":"page","link":"https:\/\/guetzo.com\/en\/","title":{"rendered":"Inicio"},"content":{"rendered":"<div data-elementor-type=\"wp-page\" data-elementor-id=\"6\" class=\"elementor elementor-6\">\n\t\t\t\t<div class=\"elementor-element elementor-element-6cc8e25 e-con-full e-flex e-con e-parent\" data-id=\"6cc8e25\" data-element_type=\"container\" data-e-type=\"container\" data-settings=\"{&quot;background_background&quot;:&quot;classic&quot;}\">\n\t\t\t\t<div class=\"elementor-element elementor-element-3d4ec8c elementor-widget elementor-widget-spacer\" data-id=\"3d4ec8c\" data-element_type=\"widget\" data-e-type=\"widget\" data-widget_type=\"spacer.default\">\n\t\t\t\t\t\t\t<div class=\"elementor-spacer\">\n\t\t\t<div class=\"elementor-spacer-inner\"><\/div>\n\t\t<\/div>\n\t\t\t\t\t\t<\/div>\n\t\t\t\t<div class=\"elementor-element elementor-element-a0f01aa elementor-widget elementor-widget-heading\" data-id=\"a0f01aa\" data-element_type=\"widget\" data-e-type=\"widget\" data-widget_type=\"heading.default\">\n\t\t\t\t\t<h2 class=\"elementor-heading-title elementor-size-default\">Caf\u00e9 Guetzo, get to know us<\/h2>\t\t\t\t<\/div>\n\t\t\t\t<div class=\"elementor-element elementor-element-0be3bab elementor-widget elementor-widget-image\" data-id=\"0be3bab\" data-element_type=\"widget\" data-e-type=\"widget\" data-widget_type=\"image.default\">\n\t\t\t\t\t\t\t\t\t\t\t\t\t\t\t<img fetchpriority=\"high\" decoding=\"async\" width=\"768\" height=\"1024\" src=\"https:\/\/guetzo.com\/wp-content\/uploads\/2025\/10\/Guetzo-100--768x1024.png\" class=\"attachment-large size-large wp-image-415\" alt=\"Pluma de Hidalgo\" srcset=\"https:\/\/guetzo.com\/wp-content\/uploads\/2025\/10\/Guetzo-100--768x1024.png 768w, https:\/\/guetzo.com\/wp-content\/uploads\/2025\/10\/Guetzo-100--225x300.png 225w, https:\/\/guetzo.com\/wp-content\/uploads\/2025\/10\/Guetzo-100-.png 879w\" sizes=\"(max-width: 768px) 100vw, 768px\" \/>\t\t\t\t\t\t\t\t\t\t\t\t\t\t\t<\/div>\n\t\t\t\t<div class=\"elementor-element elementor-element-6b9888a elementor-widget elementor-widget-text-editor\" data-id=\"6b9888a\" data-element_type=\"widget\" data-e-type=\"widget\" data-widget_type=\"text-editor.default\">\n\t\t\t\t\t\t\t\t\t<p>Guetzo is a protected designation of origin coffee from the \"Pluma de Hidalgo\" region. It is a municipality in the coastal region of the state of Oaxaca, belonging to the district of Pochutla. We invite you to learn more about this municipality, its history, and traditions closely linked to coffee production. <a href=\"https:\/\/guetzo.com\/uncategorized\/pluma-de-hidalgo-oaxaca\/\">Click here.<\/a><\/p><p>Guetzo coffee is characterized by its exquisite bouquet, pleasant flavor, and excellent aroma, thanks to the delicate roasting and grinding process.<\/p><p>It is recommended to dedicate 5 minutes of your day to enjoying the Guetzo experience, as consuming high-quality organic coffee offers many health benefits.<\/p><p><a href=\"https:\/\/guetzo.com\/uncategorized\/beneficios-a-la-salud-de-consumir-cafe-organico\/\">Get to know them here<\/a>.\u00a0<\/p>\t\t\t\t\t\t\t\t<\/div>\n\t\t\t\t<div class=\"elementor-element elementor-element-2a66625 elementor-widget elementor-widget-image\" data-id=\"2a66625\" data-element_type=\"widget\" data-e-type=\"widget\" data-widget_type=\"image.default\">\n\t\t\t\t\t\t\t\t\t\t\t\t\t\t\t<img decoding=\"async\" width=\"549\" height=\"538\" src=\"https:\/\/guetzo.com\/wp-content\/uploads\/2025\/10\/Guetzo-presentaciones-2.png\" class=\"attachment-medium_large size-medium_large wp-image-261\" alt=\"Paquetes\" srcset=\"https:\/\/guetzo.com\/wp-content\/uploads\/2025\/10\/Guetzo-presentaciones-2.png 549w, https:\/\/guetzo.com\/wp-content\/uploads\/2025\/10\/Guetzo-presentaciones-2-300x294.png 300w\" sizes=\"(max-width: 549px) 100vw, 549px\" \/>\t\t\t\t\t\t\t\t\t\t\t\t\t\t\t<\/div>\n\t\t\t\t<div class=\"elementor-element elementor-element-8fdb246 e-n-tabs-mobile elementor-widget elementor-widget-n-tabs\" data-id=\"8fdb246\" data-element_type=\"widget\" data-e-type=\"widget\" data-widget_type=\"nested-tabs.default\">\n\t\t\t\t\t\t\t<div class=\"e-n-tabs\" data-widget-number=\"150843974\" aria-label=\"Tabs. Open items with Enter or Space, close them with Escape, and navigate with the arrow keys.\">\n\t\t\t<div class=\"e-n-tabs-heading\" role=\"tablist\">\n\t\t\t\t\t<button id=\"e-n-tab-title-1508439741\" data-tab-title-id=\"e-n-tab-title-1508439741\" class=\"e-n-tab-title\" aria-selected=\"true\" data-tab-index=\"1\" role=\"tab\" tabindex=\"0\" aria-controls=\"e-n-tab-content-1508439741\" style=\"--n-tabs-title-order: 1;\">\n\t\t\t\t\t\t<span class=\"e-n-tab-title-text\">\n\t\t\t\tOur Vision\t\t\t<\/span>\n\t\t<\/button>\n\t\t\t\t<button id=\"e-n-tab-title-1508439742\" data-tab-title-id=\"e-n-tab-title-1508439742\" class=\"e-n-tab-title\" aria-selected=\"false\" data-tab-index=\"2\" role=\"tab\" tabindex=\"-1\" aria-controls=\"e-n-tab-content-1508439742\" style=\"--n-tabs-title-order: 2;\">\n\t\t\t\t\t\t<span class=\"e-n-tab-title-text\">\n\t\t\t\tOur Mission\t\t\t<\/span>\n\t\t<\/button>\n\t\t\t\t<button id=\"e-n-tab-title-1508439743\" data-tab-title-id=\"e-n-tab-title-1508439743\" class=\"e-n-tab-title\" aria-selected=\"false\" data-tab-index=\"3\" role=\"tab\" tabindex=\"-1\" aria-controls=\"e-n-tab-content-1508439743\" style=\"--n-tabs-title-order: 3;\">\n\t\t\t\t\t\t<span class=\"e-n-tab-title-text\">\n\t\t\t\tOur Values\t\t\t<\/span>\n\t\t<\/button>\n\t\t\t\t\t<\/div>\n\t\t\t<div class=\"e-n-tabs-content\">\n\t\t\t\t<div id=\"e-n-tab-content-1508439741\" role=\"tabpanel\" aria-labelledby=\"e-n-tab-title-1508439741\" data-tab-index=\"1\" style=\"--n-tabs-title-order: 1;\" class=\"e-active elementor-element elementor-element-2a2a70c e-con-full e-flex e-con e-child\" data-id=\"2a2a70c\" data-element_type=\"container\" data-e-type=\"container\">\n\t\t\t\t<div class=\"elementor-element elementor-element-db84e46 elementor-widget elementor-widget-text-editor\" data-id=\"db84e46\" data-element_type=\"widget\" data-e-type=\"widget\" data-widget_type=\"text-editor.default\">\n\t\t\t\t\t\t\t\t\t<p>To be a leading project in Mexico and the world, integrating health, culture, and art, positioning Guetzo coffee as a Socially Responsible Company, ensuring that each cup of coffee becomes an experience that promotes holistic health, cultural education, and appreciation for the fine arts.<\/p><p><img decoding=\"async\" class=\"wp-image-12\" src=\"https:\/\/guetzo.com\/wp-content\/uploads\/2025\/09\/Guetzo-favicon-289x300.png\" alt=\"Favicon Guetzo\" width=\"67\" height=\"70\" srcset=\"https:\/\/guetzo.com\/wp-content\/uploads\/2025\/09\/Guetzo-favicon-289x300.png 289w, https:\/\/guetzo.com\/wp-content\/uploads\/2025\/09\/Guetzo-favicon.png 293w\" sizes=\"(max-width: 67px) 100vw, 67px\" \/><\/p>\t\t\t\t\t\t\t\t<\/div>\n\t\t\t\t<\/div>\n\t\t<div id=\"e-n-tab-content-1508439742\" role=\"tabpanel\" aria-labelledby=\"e-n-tab-title-1508439742\" data-tab-index=\"2\" style=\"--n-tabs-title-order: 2;\" class=\"elementor-element elementor-element-4e6d31d e-con-full e-flex e-con e-child\" data-id=\"4e6d31d\" data-element_type=\"container\" data-e-type=\"container\">\n\t\t\t\t<div class=\"elementor-element elementor-element-fcd814c elementor-widget elementor-widget-text-editor\" data-id=\"fcd814c\" data-element_type=\"widget\" data-e-type=\"widget\" data-widget_type=\"text-editor.default\">\n\t\t\t\t\t\t\t\t\t<p>Promoting the consumption of Pluma Designation coffee while simultaneously bringing people closer to the fine arts, making coffee a tool for cultural and social transformation.<\/p><p><img loading=\"lazy\" decoding=\"async\" class=\"wp-image-12\" src=\"https:\/\/guetzo.com\/wp-content\/uploads\/2025\/09\/Guetzo-favicon-289x300.png\" alt=\"Favicon Guetzo\" width=\"71\" height=\"74\" srcset=\"https:\/\/guetzo.com\/wp-content\/uploads\/2025\/09\/Guetzo-favicon-289x300.png 289w, https:\/\/guetzo.com\/wp-content\/uploads\/2025\/09\/Guetzo-favicon.png 293w\" sizes=\"(max-width: 71px) 100vw, 71px\" \/><\/p>\t\t\t\t\t\t\t\t<\/div>\n\t\t\t\t<\/div>\n\t\t<div id=\"e-n-tab-content-1508439743\" role=\"tabpanel\" aria-labelledby=\"e-n-tab-title-1508439743\" data-tab-index=\"3\" style=\"--n-tabs-title-order: 3;\" class=\"elementor-element elementor-element-2aa1b89 e-con-full e-flex e-con e-child\" data-id=\"2aa1b89\" data-element_type=\"container\" data-e-type=\"container\">\n\t\t\t\t<div class=\"elementor-element elementor-element-c09542f elementor-widget elementor-widget-text-editor\" data-id=\"c09542f\" data-element_type=\"widget\" data-e-type=\"widget\" data-widget_type=\"text-editor.default\">\n\t\t\t\t\t\t\t\t\t<ul><li>Love of art<\/li><li>Love for our culture<\/li><li>Friendship<\/li><li>Honesty<\/li><li>Loyalty to our roots<\/li><\/ul><p><img loading=\"lazy\" decoding=\"async\" class=\"wp-image-12\" src=\"https:\/\/guetzo.com\/wp-content\/uploads\/2025\/09\/Guetzo-favicon-289x300.png\" alt=\"Favicon Guetzo\" width=\"72\" height=\"75\" srcset=\"https:\/\/guetzo.com\/wp-content\/uploads\/2025\/09\/Guetzo-favicon-289x300.png 289w, https:\/\/guetzo.com\/wp-content\/uploads\/2025\/09\/Guetzo-favicon.png 293w\" sizes=\"(max-width: 72px) 100vw, 72px\" \/><\/p>\t\t\t\t\t\t\t\t<\/div>\n\t\t\t\t<\/div>\n\t\t\t\t\t<\/div>\n\t\t<\/div>\n\t\t\t\t\t\t<\/div>\n\t\t\t\t<div class=\"elementor-element elementor-element-c3690aa elementor-widget elementor-widget-heading\" data-id=\"c3690aa\" data-element_type=\"widget\" data-e-type=\"widget\" data-widget_type=\"heading.default\">\n\t\t\t\t\t<h2 class=\"elementor-heading-title elementor-size-default\">Discover our meeting points<\/h2>\t\t\t\t<\/div>\n\t\t\t\t<div class=\"elementor-element elementor-element-a3e0165 elementor-align-center elementor-widget elementor-widget-button\" data-id=\"a3e0165\" data-element_type=\"widget\" data-e-type=\"widget\" data-widget_type=\"button.default\">\n\t\t\t\t\t\t\t\t\t\t<a class=\"elementor-button elementor-button-link elementor-size-sm\" href=\"https:\/\/guetzo.com\/menu-playa-abierta\/\">\n\t\t\t\t\t\t<span class=\"elementor-button-content-wrapper\">\n\t\t\t\t\t\t<span class=\"elementor-button-icon\">\n\t\t\t\t<svg aria-hidden=\"true\" class=\"e-font-icon-svg e-fas-coffee\" viewbox=\"0 0 640 512\" xmlns=\"http:\/\/www.w3.org\/2000\/svg\"><path d=\"M192 384h192c53 0 96-43 96-96h32c70.6 0 128-57.4 128-128S582.6 32 512 32H120c-13.3 0-24 10.7-24 24v232c0 53 43 96 96 96zM512 96c35.3 0 64 28.7 64 64s-28.7 64-64 64h-32V96h32zm47.7 384H48.3c-47.6 0-61-64-36-64h583.3c25 0 11.8 64-35.9 64z\"><\/path><\/svg>\t\t\t<\/span>\n\t\t\t\t\t\t\t\t\t<span class=\"elementor-button-text\">Open Beach<\/span>\n\t\t\t\t\t<\/span>\n\t\t\t\t\t<\/a>\n\t\t\t\t\t\t\t\t<\/div>\n\t\t\t\t<div class=\"elementor-element elementor-element-7064237 elementor-align-center elementor-widget elementor-widget-button\" data-id=\"7064237\" data-element_type=\"widget\" data-e-type=\"widget\" data-widget_type=\"button.default\">\n\t\t\t\t\t\t\t\t\t\t<a class=\"elementor-button elementor-size-sm\" role=\"button\">\n\t\t\t\t\t\t<span class=\"elementor-button-content-wrapper\">\n\t\t\t\t\t\t<span class=\"elementor-button-icon\">\n\t\t\t\t<svg aria-hidden=\"true\" class=\"e-font-icon-svg e-fas-paint-brush\" viewbox=\"0 0 512 512\" xmlns=\"http:\/\/www.w3.org\/2000\/svg\"><path d=\"M167.02 309.34c-40.12 2.58-76.53 17.86-97.19 72.3-2.35 6.21-8 9.98-14.59 9.98-11.11 0-45.46-27.67-55.25-34.35C0 439.62 37.93 512 128 512c75.86 0 128-43.77 128-120.19 0-3.11-.65-6.08-.97-9.13l-88.01-73.34zM457.89 0c-15.16 0-29.37 6.71-40.21 16.45C213.27 199.05 192 203.34 192 257.09c0 13.7 3.25 26.76 8.73 38.7l63.82 53.18c7.21 1.8 14.64 3.03 22.39 3.03 62.11 0 98.11-45.47 211.16-256.46 7.38-14.35 13.9-29.85 13.9-45.99C512 20.64 486 0 457.89 0z\"><\/path><\/svg>\t\t\t<\/span>\n\t\t\t\t\t\t\t\t\t<span class=\"elementor-button-text\">Galer\u00eda Omega<\/span>\n\t\t\t\t\t<\/span>\n\t\t\t\t\t<\/a>\n\t\t\t\t\t\t\t\t<\/div>\n\t\t\t\t<div class=\"elementor-element elementor-element-d93cefb elementor-align-center elementor-widget elementor-widget-button\" data-id=\"d93cefb\" data-element_type=\"widget\" data-e-type=\"widget\" data-widget_type=\"button.default\">\n\t\t\t\t\t\t\t\t\t\t<a class=\"elementor-button elementor-button-link elementor-size-sm\" href=\"#productos\">\n\t\t\t\t\t\t<span class=\"elementor-button-content-wrapper\">\n\t\t\t\t\t\t<span class=\"elementor-button-icon\">\n\t\t\t\t<svg aria-hidden=\"true\" class=\"e-font-icon-svg e-fas-coffee\" viewbox=\"0 0 640 512\" xmlns=\"http:\/\/www.w3.org\/2000\/svg\"><path d=\"M192 384h192c53 0 96-43 96-96h32c70.6 0 128-57.4 128-128S582.6 32 512 32H120c-13.3 0-24 10.7-24 24v232c0 53 43 96 96 96zM512 96c35.3 0 64 28.7 64 64s-28.7 64-64 64h-32V96h32zm47.7 384H48.3c-47.6 0-61-64-36-64h583.3c25 0 11.8 64-35.9 64z\"><\/path><\/svg>\t\t\t<\/span>\n\t\t\t\t\t\t\t\t\t<span class=\"elementor-button-text\">Discover our products<\/span>\n\t\t\t\t\t<\/span>\n\t\t\t\t\t<\/a>\n\t\t\t\t\t\t\t\t<\/div>\n\t\t\t\t<div class=\"elementor-element elementor-element-ea1cd0f elementor-widget elementor-widget-image\" data-id=\"ea1cd0f\" data-element_type=\"widget\" data-e-type=\"widget\" data-widget_type=\"image.default\">\n\t\t\t\t\t\t\t\t\t\t\t\t\t\t\t<img loading=\"lazy\" decoding=\"async\" width=\"768\" height=\"490\" src=\"https:\/\/guetzo.com\/wp-content\/uploads\/2025\/10\/Guetzo-obras-768x490.png\" class=\"attachment-medium_large size-medium_large wp-image-485\" alt=\"Promoviendo obras\" srcset=\"https:\/\/guetzo.com\/wp-content\/uploads\/2025\/10\/Guetzo-obras-768x490.png 768w, https:\/\/guetzo.com\/wp-content\/uploads\/2025\/10\/Guetzo-obras-300x191.png 300w, https:\/\/guetzo.com\/wp-content\/uploads\/2025\/10\/Guetzo-obras-1024x653.png 1024w, https:\/\/guetzo.com\/wp-content\/uploads\/2025\/10\/Guetzo-obras.png 1371w\" sizes=\"(max-width: 768px) 100vw, 768px\" \/>\t\t\t\t\t\t\t\t\t\t\t\t\t\t\t<\/div>\n\t\t\t\t<div class=\"elementor-element elementor-element-68e25b2 elementor-widget elementor-widget-text-editor\" data-id=\"68e25b2\" data-element_type=\"widget\" data-e-type=\"widget\" data-widget_type=\"text-editor.default\">\n\t\t\t\t\t\t\t\t\t<p>On all our product packaging, we promote the works of Mexican artists with great cultural value. You won't want to throw the packaging away.<\/p><p>Our packaging comes hermetically sealed to keep the product fresher. The packaging has a breather valve that will allow you to taste and fall in love with the aroma of Guetzo coffee.\u00a0<\/p><p>We have distribution in Oaxaca and Mexico City, contact us.<\/p><p>Visit our section on <a href=\"https:\/\/guetzo.com\/preguntas-y-respuestas\/\">questions and answers<\/a> to clear up all your doubts.<\/p>\t\t\t\t\t\t\t\t<\/div>\n\t\t\t\t<div class=\"elementor-element elementor-element-b8d6fef elementor-widget elementor-widget-menu-anchor\" data-id=\"b8d6fef\" data-element_type=\"widget\" data-e-type=\"widget\" data-widget_type=\"menu-anchor.default\">\n\t\t\t\t\t\t\t<div class=\"elementor-menu-anchor\" id=\"productos\"><\/div>\n\t\t\t\t\t\t<\/div>\n\t\t\t\t<div class=\"elementor-element elementor-element-578b016 elementor-position-top elementor-widget elementor-widget-image-box\" data-id=\"578b016\" data-element_type=\"widget\" data-e-type=\"widget\" data-widget_type=\"image-box.default\">\n\t\t\t\t\t<div class=\"elementor-image-box-wrapper\"><figure class=\"elementor-image-box-img\"><img loading=\"lazy\" decoding=\"async\" width=\"467\" height=\"691\" src=\"https:\/\/guetzo.com\/wp-content\/uploads\/2025\/10\/Guetzo-900.png\" class=\"attachment-full size-full wp-image-481\" alt=\"900 grs.\" srcset=\"https:\/\/guetzo.com\/wp-content\/uploads\/2025\/10\/Guetzo-900.png 467w, https:\/\/guetzo.com\/wp-content\/uploads\/2025\/10\/Guetzo-900-203x300.png 203w\" sizes=\"(max-width: 467px) 100vw, 467px\" \/><\/figure><div class=\"elementor-image-box-content\"><h3 class=\"elementor-image-box-title\">900 Grs. $500<\/h3><p class=\"elementor-image-box-description\">With a medium-dark roast level, or a medium-light roast level.\nGuetzo shares a different work of art in every package.<\/p><\/div><\/div>\t\t\t\t<\/div>\n\t\t\t\t<div class=\"elementor-element elementor-element-c4e6e17 elementor-widget elementor-widget-spacer\" data-id=\"c4e6e17\" data-element_type=\"widget\" data-e-type=\"widget\" data-widget_type=\"spacer.default\">\n\t\t\t\t\t\t\t<div class=\"elementor-spacer\">\n\t\t\t<div class=\"elementor-spacer-inner\"><\/div>\n\t\t<\/div>\n\t\t\t\t\t\t<\/div>\n\t\t\t\t<div class=\"elementor-element elementor-element-0c11eff elementor-position-top elementor-widget elementor-widget-image-box\" data-id=\"0c11eff\" data-element_type=\"widget\" data-e-type=\"widget\" data-widget_type=\"image-box.default\">\n\t\t\t\t\t<div class=\"elementor-image-box-wrapper\"><figure class=\"elementor-image-box-img\"><img loading=\"lazy\" decoding=\"async\" width=\"744\" height=\"1290\" src=\"https:\/\/guetzo.com\/wp-content\/uploads\/2025\/10\/Guetzo-500.png\" class=\"attachment-medium_large size-medium_large wp-image-473\" alt=\"Paquete de 500grs\" srcset=\"https:\/\/guetzo.com\/wp-content\/uploads\/2025\/10\/Guetzo-500.png 744w, https:\/\/guetzo.com\/wp-content\/uploads\/2025\/10\/Guetzo-500-173x300.png 173w, https:\/\/guetzo.com\/wp-content\/uploads\/2025\/10\/Guetzo-500-591x1024.png 591w\" sizes=\"(max-width: 744px) 100vw, 744px\" \/><\/figure><div class=\"elementor-image-box-content\"><h3 class=\"elementor-image-box-title\">500 Grs. $300<\/h3><p class=\"elementor-image-box-description\">With a medium-dark roast level, or a medium-light roast level.\nGuetzo shares a different work of art in every package.<\/p><\/div><\/div>\t\t\t\t<\/div>\n\t\t\t\t<div class=\"elementor-element elementor-element-aa49482 elementor-widget elementor-widget-spacer\" data-id=\"aa49482\" data-element_type=\"widget\" data-e-type=\"widget\" data-widget_type=\"spacer.default\">\n\t\t\t\t\t\t\t<div class=\"elementor-spacer\">\n\t\t\t<div class=\"elementor-spacer-inner\"><\/div>\n\t\t<\/div>\n\t\t\t\t\t\t<\/div>\n\t\t\t\t<div class=\"elementor-element elementor-element-26267b8 elementor-position-top elementor-widget elementor-widget-image-box\" data-id=\"26267b8\" data-element_type=\"widget\" data-e-type=\"widget\" data-widget_type=\"image-box.default\">\n\t\t\t\t\t<div class=\"elementor-image-box-wrapper\"><figure class=\"elementor-image-box-img\"><img loading=\"lazy\" decoding=\"async\" width=\"522\" height=\"864\" src=\"https:\/\/guetzo.com\/wp-content\/uploads\/2025\/10\/Guetzo-250.png\" class=\"attachment-medium_large size-medium_large wp-image-477\" alt=\"Bolsa de 25o grs.\" srcset=\"https:\/\/guetzo.com\/wp-content\/uploads\/2025\/10\/Guetzo-250.png 522w, https:\/\/guetzo.com\/wp-content\/uploads\/2025\/10\/Guetzo-250-181x300.png 181w\" sizes=\"(max-width: 522px) 100vw, 522px\" \/><\/figure><div class=\"elementor-image-box-content\"><h3 class=\"elementor-image-box-title\">250 Grs. $150<\/h3><p class=\"elementor-image-box-description\">With a medium-dark roast level, or a medium-light roast level.\nGuetzo shares a different work of art in every package.<\/p><\/div><\/div>\t\t\t\t<\/div>\n\t\t\t\t<div class=\"elementor-element elementor-element-f254f61 elementor-widget elementor-widget-spacer\" data-id=\"f254f61\" data-element_type=\"widget\" data-e-type=\"widget\" data-widget_type=\"spacer.default\">\n\t\t\t\t\t\t\t<div class=\"elementor-spacer\">\n\t\t\t<div class=\"elementor-spacer-inner\"><\/div>\n\t\t<\/div>\n\t\t\t\t\t\t<\/div>\n\t\t\t\t<div class=\"elementor-element elementor-element-cc9013d elementor-align-center elementor-widget elementor-widget-button\" data-id=\"cc9013d\" data-element_type=\"widget\" data-e-type=\"widget\" data-widget_type=\"button.default\">\n\t\t\t\t\t\t\t\t\t\t<a class=\"elementor-button elementor-button-link elementor-size-sm\" href=\"https:\/\/wa.me\/9711642855\">\n\t\t\t\t\t\t<span class=\"elementor-button-content-wrapper\">\n\t\t\t\t\t\t<span class=\"elementor-button-icon\">\n\t\t\t\t<svg aria-hidden=\"true\" class=\"e-font-icon-svg e-fab-whatsapp\" viewbox=\"0 0 448 512\" xmlns=\"http:\/\/www.w3.org\/2000\/svg\"><path d=\"M380.9 97.1C339 55.1 283.2 32 223.9 32c-122.4 0-222 99.6-222 222 0 39.1 10.2 77.3 29.6 111L0 480l117.7-30.9c32.4 17.7 68.9 27 106.1 27h.1c122.3 0 224.1-99.6 224.1-222 0-59.3-25.2-115-67.1-157zm-157 341.6c-33.2 0-65.7-8.9-94-25.7l-6.7-4-69.8 18.3L72 359.2l-4.4-7c-18.5-29.4-28.2-63.3-28.2-98.2 0-101.7 82.8-184.5 184.6-184.5 49.3 0 95.6 19.2 130.4 54.1 34.8 34.9 56.2 81.2 56.1 130.5 0 101.8-84.9 184.6-186.6 184.6zm101.2-138.2c-5.5-2.8-32.8-16.2-37.9-18-5.1-1.9-8.8-2.8-12.5 2.8-3.7 5.6-14.3 18-17.6 21.8-3.2 3.7-6.5 4.2-12 1.4-32.6-16.3-54-29.1-75.5-66-5.7-9.8 5.7-9.1 16.3-30.3 1.8-3.7.9-6.9-.5-9.7-1.4-2.8-12.5-30.1-17.1-41.2-4.5-10.8-9.1-9.3-12.5-9.5-3.2-.2-6.9-.2-10.6-.2-3.7 0-9.7 1.4-14.8 6.9-5.1 5.6-19.4 19-19.4 46.3 0 27.3 19.9 53.7 22.6 57.4 2.8 3.7 39.1 59.7 94.8 83.8 35.2 15.2 49 16.5 66.6 13.9 10.7-1.6 32.8-13.4 37.4-26.4 4.6-13 4.6-24.1 3.2-26.4-1.3-2.5-5-3.9-10.5-6.6z\"><\/path><\/svg>\t\t\t<\/span>\n\t\t\t\t\t\t\t\t\t<span class=\"elementor-button-text\">Buy your coffee here if you're in Oaxaca<\/span>\n\t\t\t\t\t<\/span>\n\t\t\t\t\t<\/a>\n\t\t\t\t\t\t\t\t<\/div>\n\t\t\t\t<div class=\"elementor-element elementor-element-cdf0538 elementor-align-center elementor-widget elementor-widget-button\" data-id=\"cdf0538\" data-element_type=\"widget\" data-e-type=\"widget\" data-widget_type=\"button.default\">\n\t\t\t\t\t\t\t\t\t\t<a class=\"elementor-button elementor-button-link elementor-size-sm\" href=\"https:\/\/wa.me\/5560918781\">\n\t\t\t\t\t\t<span class=\"elementor-button-content-wrapper\">\n\t\t\t\t\t\t<span class=\"elementor-button-icon\">\n\t\t\t\t<svg aria-hidden=\"true\" class=\"e-font-icon-svg e-fab-whatsapp\" viewbox=\"0 0 448 512\" xmlns=\"http:\/\/www.w3.org\/2000\/svg\"><path d=\"M380.9 97.1C339 55.1 283.2 32 223.9 32c-122.4 0-222 99.6-222 222 0 39.1 10.2 77.3 29.6 111L0 480l117.7-30.9c32.4 17.7 68.9 27 106.1 27h.1c122.3 0 224.1-99.6 224.1-222 0-59.3-25.2-115-67.1-157zm-157 341.6c-33.2 0-65.7-8.9-94-25.7l-6.7-4-69.8 18.3L72 359.2l-4.4-7c-18.5-29.4-28.2-63.3-28.2-98.2 0-101.7 82.8-184.5 184.6-184.5 49.3 0 95.6 19.2 130.4 54.1 34.8 34.9 56.2 81.2 56.1 130.5 0 101.8-84.9 184.6-186.6 184.6zm101.2-138.2c-5.5-2.8-32.8-16.2-37.9-18-5.1-1.9-8.8-2.8-12.5 2.8-3.7 5.6-14.3 18-17.6 21.8-3.2 3.7-6.5 4.2-12 1.4-32.6-16.3-54-29.1-75.5-66-5.7-9.8 5.7-9.1 16.3-30.3 1.8-3.7.9-6.9-.5-9.7-1.4-2.8-12.5-30.1-17.1-41.2-4.5-10.8-9.1-9.3-12.5-9.5-3.2-.2-6.9-.2-10.6-.2-3.7 0-9.7 1.4-14.8 6.9-5.1 5.6-19.4 19-19.4 46.3 0 27.3 19.9 53.7 22.6 57.4 2.8 3.7 39.1 59.7 94.8 83.8 35.2 15.2 49 16.5 66.6 13.9 10.7-1.6 32.8-13.4 37.4-26.4 4.6-13 4.6-24.1 3.2-26.4-1.3-2.5-5-3.9-10.5-6.6z\"><\/path><\/svg>\t\t\t<\/span>\n\t\t\t\t\t\t\t\t\t<span class=\"elementor-button-text\">Get your coffee here if you're in Mexico City<\/span>\n\t\t\t\t\t<\/span>\n\t\t\t\t\t<\/a>\n\t\t\t\t\t\t\t\t<\/div>\n\t\t\t\t<div class=\"elementor-element elementor-element-e87e376 elementor-widget elementor-widget-spacer\" data-id=\"e87e376\" data-element_type=\"widget\" data-e-type=\"widget\" data-widget_type=\"spacer.default\">\n\t\t\t\t\t\t\t<div class=\"elementor-spacer\">\n\t\t\t<div class=\"elementor-spacer-inner\"><\/div>\n\t\t<\/div>\n\t\t\t\t\t\t<\/div>\n\t\t\t\t<\/div>\n\t\t\t\t<\/div>","protected":false},"excerpt":{"rendered":"<p>Caf\u00e9 Guetzo con\u00f3cenos Guetzo es denominaci\u00f3n de origen &#8220;Pluma de Hidalgo&#8221;, este es un municipio en la regi\u00f3n de la costa del estado de Oaxaca perteneciente al distrito de Pochutla. Te invitamos a conocer un poco m\u00e1s de este municipio, su historia y tradiciones estrechamente ligadas a la producci\u00f3n del caf\u00e9 dando clic aqu\u00ed. Caf\u00e9 [&hellip;]<\/p>\n","protected":false},"author":1,"featured_media":0,"parent":0,"menu_order":0,"comment_status":"closed","ping_status":"closed","template":"elementor_header_footer","meta":{"_eb_attr":"","pagelayer_contact_templates":[],"_pagelayer_content":"","footnotes":""},"class_list":["post-6","page","type-page","status-publish","hentry"],"_links":{"self":[{"href":"https:\/\/guetzo.com\/en\/wp-json\/wp\/v2\/pages\/6","targetHints":{"allow":["GET"]}}],"collection":[{"href":"https:\/\/guetzo.com\/en\/wp-json\/wp\/v2\/pages"}],"about":[{"href":"https:\/\/guetzo.com\/en\/wp-json\/wp\/v2\/types\/page"}],"author":[{"embeddable":true,"href":"https:\/\/guetzo.com\/en\/wp-json\/wp\/v2\/users\/1"}],"replies":[{"embeddable":true,"href":"https:\/\/guetzo.com\/en\/wp-json\/wp\/v2\/comments?post=6"}],"version-history":[{"count":284,"href":"https:\/\/guetzo.com\/en\/wp-json\/wp\/v2\/pages\/6\/revisions"}],"predecessor-version":[{"id":920,"href":"https:\/\/guetzo.com\/en\/wp-json\/wp\/v2\/pages\/6\/revisions\/920"}],"wp:attachment":[{"href":"https:\/\/guetzo.com\/en\/wp-json\/wp\/v2\/media?parent=6"}],"curies":[{"name":"wp","href":"https:\/\/api.w.org\/{rel}","templated":true}]}}