{"id":890,"date":"2025-10-26T03:09:38","date_gmt":"2025-10-26T03:09:38","guid":{"rendered":"https:\/\/guetzo.com\/?page_id=890"},"modified":"2025-10-26T03:28:55","modified_gmt":"2025-10-26T03:28:55","slug":"recetario","status":"publish","type":"page","link":"https:\/\/guetzo.com\/en\/recetario\/","title":{"rendered":"Recetario"},"content":{"rendered":"<div data-elementor-type=\"wp-page\" data-elementor-id=\"890\" class=\"elementor elementor-890\">\n\t\t\t\t<div class=\"elementor-element elementor-element-9621a76 e-flex e-con-boxed e-con e-parent\" data-id=\"9621a76\" data-element_type=\"container\" data-e-type=\"container\" data-settings=\"{&quot;background_background&quot;:&quot;classic&quot;}\">\n\t\t\t\t\t<div class=\"e-con-inner\">\n\t\t\t\t<div class=\"elementor-element elementor-element-3f08ed8 elementor-position-left elementor-position-top elementor-vertical-align-middle elementor-widget elementor-widget-image-box\" data-id=\"3f08ed8\" data-element_type=\"widget\" data-e-type=\"widget\" data-widget_type=\"image-box.default\">\n\t\t\t\t\t<div class=\"elementor-image-box-wrapper\"><figure class=\"elementor-image-box-img\"><img fetchpriority=\"high\" decoding=\"async\" width=\"631\" height=\"842\" src=\"https:\/\/guetzo.com\/wp-content\/uploads\/2025\/10\/frappe-de-cafe.png\" class=\"attachment-medium_large size-medium_large wp-image-897\" alt=\"Frappe de caf\u00e9\" srcset=\"https:\/\/guetzo.com\/wp-content\/uploads\/2025\/10\/frappe-de-cafe.png 631w, https:\/\/guetzo.com\/wp-content\/uploads\/2025\/10\/frappe-de-cafe-225x300.png 225w, https:\/\/guetzo.com\/wp-content\/uploads\/2025\/10\/frappe-de-cafe-9x12.png 9w\" sizes=\"(max-width: 631px) 100vw, 631px\" \/><\/figure><div class=\"elementor-image-box-content\"><h3 class=\"elementor-image-box-title\">Frappe de caf\u00e9<\/h3><p class=\"elementor-image-box-description\">Ingredientes\n\nLeche\nCaf\u00e9 Guetzo\nAzucar\nHielo\nAvena\n\nPreparaci\u00f3n\n\nRemojar la avena 2 horas antes de la preparaci\u00f3n con el caf\u00e9 Guetzo.\nLicuar los ingredientes al gusto y licuar.<\/p><\/div><\/div>\t\t\t\t<\/div>\n\t\t\t\t\t<\/div>\n\t\t\t\t<\/div>\n\t\t\t\t<\/div>","protected":false},"excerpt":{"rendered":"<p>Frappe de caf\u00e9 Ingredientes Leche Caf\u00e9 Guetzo Azucar Hielo Avena Preparaci\u00f3n Remojar la avena 2 horas antes de la preparaci\u00f3n con el caf\u00e9 Guetzo. Licuar los ingredientes al gusto y licuar.<\/p>","protected":false},"author":1,"featured_media":12,"parent":0,"menu_order":0,"comment_status":"closed","ping_status":"closed","template":"elementor_header_footer","meta":{"_eb_attr":"","pagelayer_contact_templates":[],"_pagelayer_content":"","footnotes":""},"class_list":["post-890","page","type-page","status-publish","has-post-thumbnail","hentry"],"_links":{"self":[{"href":"https:\/\/guetzo.com\/en\/wp-json\/wp\/v2\/pages\/890","targetHints":{"allow":["GET"]}}],"collection":[{"href":"https:\/\/guetzo.com\/en\/wp-json\/wp\/v2\/pages"}],"about":[{"href":"https:\/\/guetzo.com\/en\/wp-json\/wp\/v2\/types\/page"}],"author":[{"embeddable":true,"href":"https:\/\/guetzo.com\/en\/wp-json\/wp\/v2\/users\/1"}],"replies":[{"embeddable":true,"href":"https:\/\/guetzo.com\/en\/wp-json\/wp\/v2\/comments?post=890"}],"version-history":[{"count":16,"href":"https:\/\/guetzo.com\/en\/wp-json\/wp\/v2\/pages\/890\/revisions"}],"predecessor-version":[{"id":909,"href":"https:\/\/guetzo.com\/en\/wp-json\/wp\/v2\/pages\/890\/revisions\/909"}],"wp:featuredmedia":[{"embeddable":true,"href":"https:\/\/guetzo.com\/en\/wp-json\/wp\/v2\/media\/12"}],"wp:attachment":[{"href":"https:\/\/guetzo.com\/en\/wp-json\/wp\/v2\/media?parent=890"}],"curies":[{"name":"wp","href":"https:\/\/api.w.org\/{rel}","templated":true}]}}